{"id":11,"date":"2023-09-15T12:09:15","date_gmt":"2023-09-15T12:09:15","guid":{"rendered":"http:\/\/steelthemes.com\/demo\/Elango-WP\/Lawnella\/?page_id=11"},"modified":"2023-09-21T21:27:00","modified_gmt":"2023-09-21T21:27:00","slug":"quienes-somos","status":"publish","type":"page","link":"https:\/\/pontenaturale.com\/es\/quienes-somos\/","title":{"rendered":"Qui\u00e9nes Somos"},"content":{"rendered":"<div class=\"wpb-content-wrapper\"><div class=\"vc_row wpb_row  vc_custom_1695331594213\"><div class=\"container\"  style=\"padding: 0px 15px 0px 15px;\"><div class=\"row\"><div class=\"wpb_column vc_column_container vc_col-sm-4\"><div class=\"vc_column-inner\"><div class=\"wpb_wrapper\">\r\n<div class=\"about_inner_fr  style-6  \">\r\n   \r\n   <div class=\"img_one\"><img decoding=\"async\" src=\"https:\/\/pontenaturale.com\/wp-content\/uploads\/2023\/09\/qs-img.jpg\" alt=\"\">\r\n   <\/div>\r\n   \r\n   <div class=\"img_two\">\r\n      <img decoding=\"async\" src=\"\" alt=\"\">\r\n      <span class=\"icon \" style=''><\/span>\r\n   <\/div>\r\n   \r\n<\/div>\r\n<\/div><\/div><\/div><div class=\"wpb_column vc_column_container vc_col-sm-8\"><div class=\"vc_column-inner\"><div class=\"wpb_wrapper\"><div class=\"vc_empty_space\"   style=\"height: 32px\"><span class=\"vc_empty_space_inner\"><\/span><\/div>\n\t<div class=\"wpb_text_column wpb_content_element vc_custom_1695317482058\" >\n\t\t<div class=\"wpb_wrapper\">\n\t\t\t<p style=\"text-align: justify;\"><strong>PONTE NATURALE<\/strong> es un Puente de Comercializaci\u00f3n con sede en la ciudad de Lima \u2013 Per\u00fa y con una sucursal en Mil\u00e1n \u2013 Italia, cuyo objeto es la venta y comercializaci\u00f3n de productos frescos y congelados convencionales y org\u00e1nicos (Bio) dirigido al mercado internacional (Europa, USA, Latinoam\u00e9rica y Asia), atendiendo una demanda creciente, mayormente, en los canales Retail, HO.RE.CA. e Industrial.<\/p>\n\n\t\t<\/div>\n\t<\/div>\n\n\t<div class=\"wpb_text_column wpb_content_element vc_custom_1695317489400\" >\n\t\t<div class=\"wpb_wrapper\">\n\t\t\t<p style=\"text-align: justify;\">Nuestros proveedores son oriundos de Per\u00fa, Costa Rica, Guatemala, Chile, Brasil, Argentina entre otros, siendo productos NoTradicionales, del sector Agro e Hidrobiol\u00f3gicos posicionados de manera sostenida en los mercados internacionales, como el caso de la uva, Papaya, Dragon Fruit, Avocado (Variedad Hass y Fuerte), Strawberry, Banano org\u00e1nico, mango (Variedad Kent), lim\u00f3n sutil\/Tahit\u00ed, Ginger org\u00e1nico , esp\u00e1rragos entre otros y productos congelados producidos bajo estrictas normas fitosanitarias de calidad y Certificados a nivel internacional.<\/p>\n\n\t\t<\/div>\n\t<\/div>\n<\/div><\/div><\/div><\/div><\/div><\/div>\r\n<div class=\"vc_row wpb_row  vc_custom_1695331495160\"><div class=\"container\"  style=\"padding: 0px 15px 0px 15px;\"><div class=\"row\"><div class=\"wpb_column vc_column_container vc_col-sm-12 vc_col-has-fill\"><div class=\"vc_column-inner vc_custom_1695331035628\"><div class=\"wpb_wrapper\"><div class=\"vc_row wpb_row vc_inner vc_row-fluid\"><div class=\"wpb_column vc_column_container vc_col-sm-2\"><div class=\"vc_column-inner\"><div class=\"wpb_wrapper\">\r\n<div class=\"awards_type_one\" style=''>\r\n   <div class=\"awards_inner_mid  style-5 clearfix   \">\r\n      <div class=\"icon\">\r\n         <span class=\"icon-mountain\"  style=''><\/span>\r\n      <\/div>\r\n      <p style=''>Misi\u00f3n<\/p>\r\n      <h2 style=''>\r\n      <\/h2>\r\n      <a href=\"\" class=\"view_all\" style=''><span class=\"icon-clover\"><\/span><\/a>\r\n   <\/div>\r\n<\/div>\r\n<\/div><\/div><\/div><div class=\"wpb_column vc_column_container vc_col-sm-10\"><div class=\"vc_column-inner\"><div class=\"wpb_wrapper\">\n\t<div class=\"wpb_text_column wpb_content_element vc_custom_1695331077148\" >\n\t\t<div class=\"wpb_wrapper\">\n\t\t\t<p style=\"text-align: justify;\">En <strong>PONTE NATURALE<\/strong>, nuestra misi\u00f3n es proporcionar alimentos frescos y congelados de la m\u00e1s alta calidad, enfoc\u00e1ndonos en productos org\u00e1nicos (Bio) que promuevan la salud y el bienestar de las personas. Nos comprometemos a ser un socio integral para nuestros clientes y socios, brindando asesor\u00eda experta, seguridad alimentaria y soluciones personalizadas. Buscamos impulsar el crecimiento sostenible de la industria alimentaria, conectando de manera efectiva la oferta y la demanda a nivel global.<\/p>\n\n\t\t<\/div>\n\t<\/div>\n<\/div><\/div><\/div><\/div><\/div><\/div><\/div><\/div><\/div><\/div>\r\n<div class=\"vc_row wpb_row  vc_custom_1695331619801\"><div class=\"container\"  style=\"padding: 0px 15px 0px 15px;\"><div class=\"row\"><div class=\"wpb_column vc_column_container vc_col-sm-12 vc_col-has-fill\"><div class=\"vc_column-inner vc_custom_1695331035628\"><div class=\"wpb_wrapper\"><div class=\"vc_row wpb_row vc_inner vc_row-fluid\"><div class=\"wpb_column vc_column_container vc_col-sm-2\"><div class=\"vc_column-inner\"><div class=\"wpb_wrapper\">\r\n<div class=\"awards_type_one\" style=''>\r\n   <div class=\"awards_inner_mid  style-5 clearfix   \">\r\n      <div class=\"icon\">\r\n         <span class=\"icon-vision\"  style=''><\/span>\r\n      <\/div>\r\n      <p style=''>Visi\u00f3n<\/p>\r\n      <h2 style=''>\r\n      <\/h2>\r\n      <a href=\"\" class=\"view_all\" style=''><span class=\"icon-clover\"><\/span><\/a>\r\n   <\/div>\r\n<\/div>\r\n<\/div><\/div><\/div><div class=\"wpb_column vc_column_container vc_col-sm-10\"><div class=\"vc_column-inner\"><div class=\"wpb_wrapper\">\n\t<div class=\"wpb_text_column wpb_content_element vc_custom_1695331160563\" >\n\t\t<div class=\"wpb_wrapper\">\n\t\t\t<p style=\"text-align: justify;\">Ser reconocidos como l\u00edderes en la comercializaci\u00f3n de productos frescos y congelados, especialmente en la categor\u00eda org\u00e1nica, siendo un puente confiable que conecta a los productores con mercados internacionales en Europa, Estados Unidos, Latinoam\u00e9rica y Asia. Nos esforzamos por ser un referente en la promoci\u00f3n de pr\u00e1cticas agr\u00edcolas sostenibles y la diversificaci\u00f3n de canales, contribuyendo al bienestar de las comunidades agr\u00edcolas y al cuidado del medio ambiente.<\/p>\n\n\t\t<\/div>\n\t<\/div>\n<\/div><\/div><\/div><\/div><\/div><\/div><\/div><\/div><\/div><\/div>\n<\/div>","protected":false},"excerpt":{"rendered":"PONTE NATURALE es un Puente de Comercializaci\u00f3n con sede en la ciudad de Lima \u2013 Per\u00fa y con una sucursal en Mil\u00e1n \u2013 Italia, cuyo objeto es la venta y&hellip;","protected":false},"author":1,"featured_media":0,"parent":0,"menu_order":0,"comment_status":"closed","ping_status":"closed","template":"template-fullwidth.php","meta":{"footnotes":""},"class_list":["post-11","page","type-page","status-publish","hentry"],"_links":{"self":[{"href":"https:\/\/pontenaturale.com\/es\/wp-json\/wp\/v2\/pages\/11","targetHints":{"allow":["GET"]}}],"collection":[{"href":"https:\/\/pontenaturale.com\/es\/wp-json\/wp\/v2\/pages"}],"about":[{"href":"https:\/\/pontenaturale.com\/es\/wp-json\/wp\/v2\/types\/page"}],"author":[{"embeddable":true,"href":"https:\/\/pontenaturale.com\/es\/wp-json\/wp\/v2\/users\/1"}],"replies":[{"embeddable":true,"href":"https:\/\/pontenaturale.com\/es\/wp-json\/wp\/v2\/comments?post=11"}],"version-history":[{"count":67,"href":"https:\/\/pontenaturale.com\/es\/wp-json\/wp\/v2\/pages\/11\/revisions"}],"predecessor-version":[{"id":1748,"href":"https:\/\/pontenaturale.com\/es\/wp-json\/wp\/v2\/pages\/11\/revisions\/1748"}],"wp:attachment":[{"href":"https:\/\/pontenaturale.com\/es\/wp-json\/wp\/v2\/media?parent=11"}],"curies":[{"name":"wp","href":"https:\/\/api.w.org\/{rel}","templated":true}]}}